{"id":895,"date":"2018-05-25T00:22:35","date_gmt":"2018-05-24T22:22:35","guid":{"rendered":"https:\/\/www.krombusch.de\/?page_id=895"},"modified":"2025-01-02T20:10:15","modified_gmt":"2025-01-02T19:10:15","slug":"datenschutz","status":"publish","type":"page","link":"https:\/\/www.krombusch.de\/?page_id=895","title":{"rendered":"Datenschutz"},"content":{"rendered":"<h1>Datenschutzerkl\u00e4rung<\/h1>\n<p>Stand: 2. Januar 2025<\/p>\n<h2>Inhalts\u00fcbersicht<\/h2>\n<ul class=\"index\">\n<li><a class=\"index-link\" href=\"#m3\">Verantwortlicher<\/a><\/li>\n<li><a class=\"index-link\" href=\"#mOverview\">\u00dcbersicht der Verarbeitungen<\/a><\/li>\n<li><a class=\"index-link\" href=\"#m2427\">Ma\u00dfgebliche Rechtsgrundlagen<\/a><\/li>\n<li><a class=\"index-link\" href=\"#m27\">Sicherheitsma\u00dfnahmen<\/a><\/li>\n<li><a class=\"index-link\" href=\"#m24\">Internationale Datentransfers<\/a><\/li>\n<li><a class=\"index-link\" href=\"#m12\">Allgemeine Informationen zur Datenspeicherung und L\u00f6schung<\/a><\/li>\n<li><a class=\"index-link\" href=\"#m10\">Rechte der betroffenen Personen<\/a><\/li>\n<\/ul>\n<h2 id=\"m3\">Verantwortlicher<\/h2>\n<p>Bj\u00f6rn Krombusch<br \/>\nSeyengasse 5<br \/>\n50678 K\u00f6ln<\/p>\n<p>E-Mail-Adresse: <a href=\"mailto:info@krombusch.de\">info@krombusch.de<\/a><\/p>\n<h2 id=\"mOverview\">\u00dcbersicht der Verarbeitungen<\/h2>\n<p>Die nachfolgende \u00dcbersicht fasst die Arten der verarbeiteten Daten und die Zwecke ihrer Verarbeitung zusammen und verweist auf die betroffenen Personen.<\/p>\n<h2 id=\"m2427\">Ma\u00dfgebliche Rechtsgrundlagen<\/h2>\n<p><strong>Ma\u00dfgebliche Rechtsgrundlagen nach der DSGVO: <\/strong>Im Folgenden erhalten Sie eine \u00dcbersicht der Rechtsgrundlagen der DSGVO, auf deren Basis wir personenbezogene Daten verarbeiten. Bitte nehmen Sie zur Kenntnis, dass neben den Regelungen der DSGVO nationale Datenschutzvorgaben in Ihrem bzw. unserem Wohn- oder Sitzland gelten k\u00f6nnen. Sollten ferner im Einzelfall speziellere Rechtsgrundlagen ma\u00dfgeblich sein, teilen wir Ihnen diese in der Datenschutzerkl\u00e4rung mit.<\/p>\n<p><strong>Nationale Datenschutzregelungen in Deutschland: <\/strong>Zus\u00e4tzlich zu den Datenschutzregelungen der DSGVO gelten nationale Regelungen zum Datenschutz in Deutschland. Hierzu geh\u00f6rt insbesondere das Gesetz zum Schutz vor Missbrauch personenbezogener Daten bei der Datenverarbeitung (Bundesdatenschutzgesetz \u2013 BDSG). Das BDSG enth\u00e4lt insbesondere Spezialregelungen zum Recht auf Auskunft, zum Recht auf L\u00f6schung, zum Widerspruchsrecht, zur Verarbeitung besonderer Kategorien personenbezogener Daten, zur Verarbeitung f\u00fcr andere Zwecke und zur \u00dcbermittlung sowie automatisierten Entscheidungsfindung im Einzelfall einschlie\u00dflich Profiling. Ferner k\u00f6nnen Landesdatenschutzgesetze der einzelnen Bundesl\u00e4nder zur Anwendung gelangen.<\/p>\n<p><strong>Hinweis auf Geltung DSGVO und Schweizer DSG: <\/strong>Diese Datenschutzhinweise dienen sowohl der Informationserteilung nach dem Schweizer DSG als auch nach der Datenschutzgrundverordnung (DSGVO). Aus diesem Grund bitten wir Sie zu beachten, dass aufgrund der breiteren r\u00e4umlichen Anwendung und Verst\u00e4ndlichkeit die Begriffe der DSGVO verwendet werden. Insbesondere statt der im Schweizer DSG verwendeten Begriffe \u201eBearbeitung&#8220; von \u201ePersonendaten&#8220;, &#8222;\u00fcberwiegendes Interesse&#8220; und &#8222;besonders sch\u00fctzenswerte Personendaten&#8220; werden die in der DSGVO verwendeten Begriffe \u201eVerarbeitung&#8220; von \u201epersonenbezogenen Daten&#8220; sowie &#8222;berechtigtes Interesse&#8220; und &#8222;besondere Kategorien von Daten&#8220; verwendet. Die gesetzliche Bedeutung der Begriffe wird jedoch im Rahmen der Geltung des Schweizer DSG weiterhin nach dem Schweizer DSG bestimmt.<\/p>\n<h2 id=\"m27\">Sicherheitsma\u00dfnahmen<\/h2>\n<p>Wir treffen nach Ma\u00dfgabe der gesetzlichen Vorgaben unter Ber\u00fccksichtigung des Stands der Technik, der Implementierungskosten und der Art, des Umfangs, der Umst\u00e4nde und der Zwecke der Verarbeitung sowie der unterschiedlichen Eintrittswahrscheinlichkeiten und des Ausma\u00dfes der Bedrohung der Rechte und Freiheiten nat\u00fcrlicher Personen geeignete technische und organisatorische Ma\u00dfnahmen, um ein dem Risiko angemessenes Schutzniveau zu gew\u00e4hrleisten.<\/p>\n<p>Zu den Ma\u00dfnahmen geh\u00f6ren insbesondere die Sicherung der Vertraulichkeit, Integrit\u00e4t und Verf\u00fcgbarkeit von Daten durch Kontrolle des physischen und elektronischen Zugangs zu den Daten als auch des sie betreffenden Zugriffs, der Eingabe, der Weitergabe, der Sicherung der Verf\u00fcgbarkeit und ihrer Trennung. Des Weiteren haben wir Verfahren eingerichtet, die eine Wahrnehmung von Betroffenenrechten, die L\u00f6schung von Daten und Reaktionen auf die Gef\u00e4hrdung der Daten gew\u00e4hrleisten. Ferner ber\u00fccksichtigen wir den Schutz personenbezogener Daten bereits bei der Entwicklung bzw. Auswahl von Hardware, Software sowie Verfahren entsprechend dem Prinzip des Datenschutzes, durch Technikgestaltung und durch datenschutzfreundliche Voreinstellungen.<\/p>\n<h2 id=\"m24\">Internationale Datentransfers<\/h2>\n<p>Datenverarbeitung in Drittl\u00e4ndern: Sofern wir Daten in einem Drittland (d.\u00a0h., au\u00dferhalb der Europ\u00e4ischen Union (EU), des Europ\u00e4ischen Wirtschaftsraums (EWR)) verarbeiten oder die Verarbeitung im Rahmen der Inanspruchnahme von Diensten Dritter oder der Offenlegung bzw. \u00dcbermittlung von Daten an andere Personen, Stellen oder Unternehmen stattfindet, erfolgt dies nur im Einklang mit den gesetzlichen Vorgaben. Sofern das Datenschutzniveau in dem Drittland mittels eines Angemessenheitsbeschlusses anerkannt wurde (Art. 45 DSGVO), dient dieser als Grundlage des Datentransfers. Im \u00dcbrigen erfolgen Datentransfers nur dann, wenn das Datenschutzniveau anderweitig gesichert ist, insbesondere durch Standardvertragsklauseln (Art. 46 Abs. 2 lit. c) DSGVO), ausdr\u00fcckliche Einwilligung oder im Fall vertraglicher oder gesetzlich erforderlicher \u00dcbermittlung (Art. 49 Abs. 1 DSGVO). Im \u00dcbrigen teilen wir Ihnen die Grundlagen der Drittland\u00fcbermittlung bei den einzelnen Anbietern aus dem Drittland mit, wobei die Angemessenheitsbeschl\u00fcsse als Grundlagen vorrangig gelten. Informationen zu Drittlandtransfers und vorliegenden Angemessenheitsbeschl\u00fcssen k\u00f6nnen dem Informationsangebot der EU-Kommission entnommen werden: <a href=\"https:\/\/commission.europa.eu\/law\/law-topic\/data-protection\/international-dimension-data-protection_en?prefLang=de\" target=\"_blank\" rel=\"noopener\">https:\/\/commission.europa.eu\/law\/law-topic\/data-protection\/international-dimension-data-protection_en?prefLang=de.<\/a> Im Rahmen des sogenannten \u201eData Privacy Framework&#8220; (DPF) hat die EU-Kommission das Datenschutzniveau ebenfalls f\u00fcr bestimmte Unternehmen aus den USA im Rahmen der Angemessenheitsbeschlusses vom 10.07.2023 als sicher anerkannt. Die Liste der zertifizierten Unternehmen als auch weitere Informationen zu dem DPF k\u00f6nnen Sie der Website des Handelsministeriums der USA unter <a href=\"https:\/\/www.dataprivacyframework.gov\/\" target=\"_blank\" rel=\"noopener\">https:\/\/www.dataprivacyframework.gov\/<\/a> (in Englisch) entnehmen. Wir informieren Sie im Rahmen der Datenschutzhinweise, welche von uns eingesetzten Diensteanbieter unter dem Data Privacy Framework zertifiziert sind.<\/p>\n<h2 id=\"m12\">Allgemeine Informationen zur Datenspeicherung und L\u00f6schung<\/h2>\n<p>Wir l\u00f6schen personenbezogene Daten, die wir verarbeiten, gem\u00e4\u00df den gesetzlichen Bestimmungen, sobald die zugrundeliegenden Einwilligungen widerrufen werden oder keine weiteren rechtlichen Grundlagen f\u00fcr die Verarbeitung bestehen. Dies betrifft F\u00e4lle, in denen der urspr\u00fcngliche Verarbeitungszweck entf\u00e4llt oder die Daten nicht mehr ben\u00f6tigt werden. Ausnahmen von dieser Regelung bestehen, wenn gesetzliche Pflichten oder besondere Interessen eine l\u00e4ngere Aufbewahrung oder Archivierung der Daten erfordern.<\/p>\n<p>Insbesondere m\u00fcssen Daten, die aus handels- oder steuerrechtlichen Gr\u00fcnden aufbewahrt werden m\u00fcssen oder deren Speicherung notwendig ist zur Rechtsverfolgung oder zum Schutz der Rechte anderer nat\u00fcrlicher oder juristischer Personen, entsprechend archiviert werden.<\/p>\n<p>Unsere Datenschutzhinweise enthalten zus\u00e4tzliche Informationen zur Aufbewahrung und L\u00f6schung von Daten, die speziell f\u00fcr bestimmte Verarbeitungsprozesse gelten.<\/p>\n<p>Bei mehreren Angaben zur Aufbewahrungsdauer oder L\u00f6schungsfristen eines Datums, ist stets die l\u00e4ngste Frist ma\u00dfgeblich.<\/p>\n<p>Beginnt eine Frist nicht ausdr\u00fccklich zu einem bestimmten Datum und betr\u00e4gt sie mindestens ein Jahr, so startet sie automatisch am Ende des Kalenderjahres, in dem das fristausl\u00f6sende Ereignis eingetreten ist. Im Fall laufender Vertragsverh\u00e4ltnisse, in deren Rahmen Daten gespeichert werden, ist das fristausl\u00f6sende Ereignis der Zeitpunkt des Wirksamwerdens der K\u00fcndigung oder sonstige Beendigung des Rechtsverh\u00e4ltnisses.<\/p>\n<p>Daten, die nicht mehr f\u00fcr den urspr\u00fcnglich vorgesehenen Zweck, sondern aufgrund gesetzlicher Vorgaben oder anderer Gr\u00fcnde aufbewahrt werden, verarbeiten wir ausschlie\u00dflich zu den Gr\u00fcnden, die ihre Aufbewahrung rechtfertigen.<\/p>\n<p><strong>Weitere Hinweise zu Verarbeitungsprozessen, Verfahren und Diensten:<\/strong><\/p>\n<ul class=\"m-elements\">\n<li><strong>Aufbewahrung und L\u00f6schung von Daten: <\/strong>Die folgenden allgemeinen Fristen gelten f\u00fcr die Aufbewahrung und Archivierung nach deutschem Recht:\n<ul>\n<li>10 Jahre &#8211; Aufbewahrungsfrist f\u00fcr B\u00fccher und Aufzeichnungen, Jahresabschl\u00fcsse, Inventare, Lageberichte, Er\u00f6ffnungsbilanz sowie die zu ihrem Verst\u00e4ndnis erforderlichen Arbeitsanweisungen und sonstigen Organisationsunterlagen, Buchungsbelege und Rechnungen (\u00a7 147 Abs. 3 i. V. m. Abs. 1 Nr. 1, 4 und 4a AO, \u00a7 14b Abs. 1 UStG, \u00a7 257 Abs. 1 Nr. 1 u. 4, Abs. 4 HGB).<\/li>\n<li>6 Jahre &#8211; \u00dcbrige Gesch\u00e4ftsunterlagen: empfangene Handels- oder Gesch\u00e4ftsbriefe, Wiedergaben der abgesandten Handels- oder Gesch\u00e4ftsbriefe, sonstige Unterlagen, soweit sie f\u00fcr die Besteuerung von Bedeutung sind, z.\u00a0B. Stundenlohnzettel, Betriebsabrechnungsb\u00f6gen, Kalkulationsunterlagen, Preisauszeichnungen, aber auch Lohnabrechnungsunterlagen, soweit sie nicht bereits Buchungsbelege sind und Kassenstreifen (\u00a7 147 Abs. 3 i. V. m. Abs. 1 Nr. 2, 3, 5 AO, \u00a7 257 Abs. 1 Nr. 2 u. 3, Abs. 4 HGB).<\/li>\n<li>3 Jahre &#8211; Daten, die erforderlich sind, um potenzielle Gew\u00e4hrleistungs- und Schadensersatzanspr\u00fcche oder \u00e4hnliche vertragliche Anspr\u00fcche und Rechte zu ber\u00fccksichtigen sowie damit verbundene Anfragen zu bearbeiten, basierend auf fr\u00fcheren Gesch\u00e4ftserfahrungen und \u00fcblichen Branchenpraktiken, werden f\u00fcr die Dauer der regul\u00e4ren gesetzlichen Verj\u00e4hrungsfrist von drei Jahren gespeichert (\u00a7\u00a7 195, 199 BGB).<\/li>\n<\/ul>\n<\/li>\n<\/ul>\n<h2 id=\"m10\">Rechte der betroffenen Personen<\/h2>\n<p>Rechte der betroffenen Personen aus der DSGVO: Ihnen stehen als Betroffene nach der DSGVO verschiedene Rechte zu, die sich insbesondere aus Art. 15 bis 21 DSGVO ergeben:<\/p>\n<ul>\n<li><strong>Widerspruchsrecht: Sie haben das Recht, aus Gr\u00fcnden, die sich aus Ihrer besonderen Situation ergeben, jederzeit gegen die Verarbeitung der Sie betreffenden personenbezogenen Daten, die aufgrund von Art. 6 Abs. 1 lit. e oder f DSGVO erfolgt, Widerspruch einzulegen; dies gilt auch f\u00fcr ein auf diese Bestimmungen gest\u00fctztes Profiling. Werden die Sie betreffenden personenbezogenen Daten verarbeitet, um Direktwerbung zu betreiben, haben Sie das Recht, jederzeit Widerspruch gegen die Verarbeitung der Sie betreffenden personenbezogenen Daten zum Zwecke derartiger Werbung einzulegen; dies gilt auch f\u00fcr das Profiling, soweit es mit solcher Direktwerbung in Verbindung steht.<\/strong><\/li>\n<li><strong>Widerrufsrecht bei Einwilligungen:<\/strong> Sie haben das Recht, erteilte Einwilligungen jederzeit zu widerrufen.<\/li>\n<li><strong>Auskunftsrecht:<\/strong> Sie haben das Recht, eine Best\u00e4tigung dar\u00fcber zu verlangen, ob betreffende Daten verarbeitet werden und auf Auskunft \u00fcber diese Daten sowie auf weitere Informationen und Kopie der Daten entsprechend den gesetzlichen Vorgaben.<\/li>\n<li><strong>Recht auf Berichtigung:<\/strong> Sie haben entsprechend den gesetzlichen Vorgaben das Recht, die Vervollst\u00e4ndigung der Sie betreffenden Daten oder die Berichtigung der Sie betreffenden unrichtigen Daten zu verlangen.<\/li>\n<li><strong>Recht auf L\u00f6schung und Einschr\u00e4nkung der Verarbeitung:<\/strong> Sie haben nach Ma\u00dfgabe der gesetzlichen Vorgaben das Recht, zu verlangen, dass Sie betreffende Daten unverz\u00fcglich gel\u00f6scht werden, bzw. alternativ nach Ma\u00dfgabe der gesetzlichen Vorgaben eine Einschr\u00e4nkung der Verarbeitung der Daten zu verlangen.<\/li>\n<li><strong>Recht auf Daten\u00fcbertragbarkeit:<\/strong> Sie haben das Recht, Sie betreffende Daten, die Sie uns bereitgestellt haben, nach Ma\u00dfgabe der gesetzlichen Vorgaben in einem strukturierten, g\u00e4ngigen und maschinenlesbaren Format zu erhalten oder deren \u00dcbermittlung an einen anderen Verantwortlichen zu fordern.<\/li>\n<li><strong>Beschwerde bei Aufsichtsbeh\u00f6rde:<\/strong> Sie haben unbeschadet eines anderweitigen verwaltungsrechtlichen oder gerichtlichen Rechtsbehelfs das Recht auf Beschwerde bei einer Aufsichtsbeh\u00f6rde, insbesondere in dem Mitgliedstaat ihres gew\u00f6hnlichen Aufenthaltsorts, ihres Arbeitsplatzes oder des Orts des mutma\u00dflichen Versto\u00dfes, wenn Sie der Ansicht sind, dass die Verarbeitung der Sie betreffenden personenbezogenen Daten gegen die Vorgaben der DSGVO verst\u00f6\u00dft.<\/li>\n<\/ul>\n<p class=\"seal\"><a title=\"Rechtstext von Dr. Schwenke - f\u00fcr weitere Informationen bitte anklicken.\" href=\"https:\/\/datenschutz-generator.de\/\" target=\"_blank\" rel=\"noopener noreferrer nofollow\">Erstellt mit kostenlosem Datenschutz-Generator.de von Dr. Thomas Schwenke<\/a><\/p>\n","protected":false},"excerpt":{"rendered":"<p>Datenschutzerkl\u00e4rung Stand: 2. Januar 2025 Inhalts\u00fcbersicht Verantwortlicher \u00dcbersicht der Verarbeitungen Ma\u00dfgebliche Rechtsgrundlagen Sicherheitsma\u00dfnahmen Internationale Datentransfers Allgemeine Informationen zur Datenspeicherung und [&hellip;]<\/p>\n","protected":false},"author":1,"featured_media":0,"parent":0,"menu_order":0,"comment_status":"closed","ping_status":"closed","template":"","meta":{"footnotes":""},"class_list":["post-895","page","type-page","status-publish","hentry"],"_links":{"self":[{"href":"https:\/\/www.krombusch.de\/index.php?rest_route=\/wp\/v2\/pages\/895","targetHints":{"allow":["GET"]}}],"collection":[{"href":"https:\/\/www.krombusch.de\/index.php?rest_route=\/wp\/v2\/pages"}],"about":[{"href":"https:\/\/www.krombusch.de\/index.php?rest_route=\/wp\/v2\/types\/page"}],"author":[{"embeddable":true,"href":"https:\/\/www.krombusch.de\/index.php?rest_route=\/wp\/v2\/users\/1"}],"replies":[{"embeddable":true,"href":"https:\/\/www.krombusch.de\/index.php?rest_route=%2Fwp%2Fv2%2Fcomments&post=895"}],"version-history":[{"count":6,"href":"https:\/\/www.krombusch.de\/index.php?rest_route=\/wp\/v2\/pages\/895\/revisions"}],"predecessor-version":[{"id":1290,"href":"https:\/\/www.krombusch.de\/index.php?rest_route=\/wp\/v2\/pages\/895\/revisions\/1290"}],"wp:attachment":[{"href":"https:\/\/www.krombusch.de\/index.php?rest_route=%2Fwp%2Fv2%2Fmedia&parent=895"}],"curies":[{"name":"wp","href":"https:\/\/api.w.org\/{rel}","templated":true}]}}