{"id":2,"date":"2013-01-01T21:59:10","date_gmt":"2013-01-01T20:59:10","guid":{"rendered":"https:\/\/www.krombusch.de\/blog\/?page_id=2"},"modified":"2026-02-08T10:04:12","modified_gmt":"2026-02-08T09:04:12","slug":"about","status":"publish","type":"page","link":"https:\/\/www.krombusch.de\/?page_id=2","title":{"rendered":"\u00dcber"},"content":{"rendered":"<p>\u200b<\/p>\n<table border=\"0\">\n<tbody>\n<tr>\n<td valign=\"top\" width=\"70%\">Die 50 \u00fcberschritten, gebunden. Mit deutlich mehr grauen Haaren als auf dem Bild. Erste berufliche Lebensh\u00e4lfte Systemadministrator im Krankenhaus. Seitdem beim gr\u00f6\u00dften Softwareanbieter f\u00fcr Krankenhaus-Software. Aktiver Fu\u00dfballer in\u00a0 K\u00f6lner Hobbygruppe. Zwischendurch Laufen und Physio, wenn nichts mehr geht.<\/td>\n<td><a href=\"https:\/\/www.krombusch.de\/?attachment_id=1186\" rel=\"attachment wp-att-1186\"><img loading=\"lazy\" decoding=\"async\" class=\"alignnone size-full wp-image-1186\" src=\"https:\/\/www.krombusch.de\/wp-content\/uploads\/2022\/10\/bjoern47-scaled.jpg\" alt=\"\" width=\"1081\" height=\"2560\" srcset=\"https:\/\/www.krombusch.de\/wp-content\/uploads\/2022\/10\/bjoern47-scaled.jpg 1081w, https:\/\/www.krombusch.de\/wp-content\/uploads\/2022\/10\/bjoern47-127x300.jpg 127w, https:\/\/www.krombusch.de\/wp-content\/uploads\/2022\/10\/bjoern47-432x1024.jpg 432w, https:\/\/www.krombusch.de\/wp-content\/uploads\/2022\/10\/bjoern47-768x1819.jpg 768w, https:\/\/www.krombusch.de\/wp-content\/uploads\/2022\/10\/bjoern47-649x1536.jpg 649w, https:\/\/www.krombusch.de\/wp-content\/uploads\/2022\/10\/bjoern47-865x2048.jpg 865w, https:\/\/www.krombusch.de\/wp-content\/uploads\/2022\/10\/bjoern47-323x765.jpg 323w\" sizes=\"auto, (max-width: 1081px) 100vw, 1081px\" \/><\/a><\/td>\n<\/tr>\n<\/tbody>\n<\/table>\n<p>&nbsp;<\/p>\n<p>&nbsp;<\/p>\n","protected":false},"excerpt":{"rendered":"<p>\u200b Die 50 \u00fcberschritten, gebunden. Mit deutlich mehr grauen Haaren als auf dem Bild. Erste berufliche Lebensh\u00e4lfte Systemadministrator im Krankenhaus. [&hellip;]<\/p>\n","protected":false},"author":1,"featured_media":0,"parent":0,"menu_order":1,"comment_status":"closed","ping_status":"closed","template":"","meta":{"footnotes":""},"class_list":["post-2","page","type-page","status-publish","hentry"],"_links":{"self":[{"href":"https:\/\/www.krombusch.de\/index.php?rest_route=\/wp\/v2\/pages\/2","targetHints":{"allow":["GET"]}}],"collection":[{"href":"https:\/\/www.krombusch.de\/index.php?rest_route=\/wp\/v2\/pages"}],"about":[{"href":"https:\/\/www.krombusch.de\/index.php?rest_route=\/wp\/v2\/types\/page"}],"author":[{"embeddable":true,"href":"https:\/\/www.krombusch.de\/index.php?rest_route=\/wp\/v2\/users\/1"}],"replies":[{"embeddable":true,"href":"https:\/\/www.krombusch.de\/index.php?rest_route=%2Fwp%2Fv2%2Fcomments&post=2"}],"version-history":[{"count":36,"href":"https:\/\/www.krombusch.de\/index.php?rest_route=\/wp\/v2\/pages\/2\/revisions"}],"predecessor-version":[{"id":1293,"href":"https:\/\/www.krombusch.de\/index.php?rest_route=\/wp\/v2\/pages\/2\/revisions\/1293"}],"wp:attachment":[{"href":"https:\/\/www.krombusch.de\/index.php?rest_route=%2Fwp%2Fv2%2Fmedia&parent=2"}],"curies":[{"name":"wp","href":"https:\/\/api.w.org\/{rel}","templated":true}]}}